{"id":37,"date":"2024-06-16T12:43:46","date_gmt":"2024-06-16T12:43:46","guid":{"rendered":"https:\/\/ifavnen.dk\/?page_id=37"},"modified":"2024-06-18T18:14:29","modified_gmt":"2024-06-18T18:14:29","slug":"hverdagen","status":"publish","type":"page","link":"https:\/\/ifavnen.dk\/?page_id=37","title":{"rendered":"Hverdagen"},"content":{"rendered":"\n<p>Vi spiser formiddagsmad sammen, inden vi g\u00f8r os klar til formiddagen.<\/p>\n\n\n\n<p>Jeg v\u00e6gter h\u00f8jt, at vi kommer s\u00e5 meget ud som muligt. Vi unders\u00f8ger insekter, graver i jorden, planter spiselige l\u00e6kkerier i haven og hj\u00e6lpes af med at vande det og se det gro. Vi k\u00f8rer p\u00e5 scootere, rutsjer og laver sandkager. Vi tager p\u00e5 ture i n\u00e6rmilj\u00f8et og nyder godt af omr\u00e5dets tilbud. Vi maler hegn med vand og tegner med kridt. Jeg har en overordnet plan, men jeg f\u00f8lger b\u00f8rnenes initiativer i det omfang det er muligt.<\/p>\n\n\n\n<p>Vi synger og danser hver dag. Vi spiller med instrumenter eller finder vores sangkuffert frem. Vi bygger h\u00f8je t\u00e5rne af klodser og hepper p\u00e5 hinanden, n\u00e5r vi lykkes. Vi bygger forhindringsbaner igennem huset og \u00f8ver os motorisk.<\/p>\n\n\n\n<p>Vi spiser frokost, inden b\u00f8rnene sover lur i enten barnevogn eller p\u00e5 en madras.<\/p>\n\n\n\n<figure class=\"wp-block-image size-large is-resized\"><img loading=\"lazy\" decoding=\"async\" width=\"768\" height=\"1024\" src=\"https:\/\/ifavnen.dk\/wp-content\/uploads\/2024\/06\/IMG_0228-1-768x1024.jpg\" alt=\"\" class=\"wp-image-58\" style=\"width:313px;height:auto\" srcset=\"https:\/\/ifavnen.dk\/wp-content\/uploads\/2024\/06\/IMG_0228-1-768x1024.jpg 768w, https:\/\/ifavnen.dk\/wp-content\/uploads\/2024\/06\/IMG_0228-1-225x300.jpg 225w, https:\/\/ifavnen.dk\/wp-content\/uploads\/2024\/06\/IMG_0228-1-1152x1536.jpg 1152w, https:\/\/ifavnen.dk\/wp-content\/uploads\/2024\/06\/IMG_0228-1-1536x2048.jpg 1536w, https:\/\/ifavnen.dk\/wp-content\/uploads\/2024\/06\/IMG_0228-1-scaled.jpg 1920w\" sizes=\"auto, (max-width: 768px) 100vw, 768px\" \/><\/figure>\n","protected":false},"excerpt":{"rendered":"<p>Vi spiser formiddagsmad sammen, inden vi g\u00f8r os klar til formiddagen. Jeg v\u00e6gter h\u00f8jt, at vi kommer s\u00e5 meget ud som muligt. Vi unders\u00f8ger insekter, graver i jorden, planter spiselige l\u00e6kkerier i haven og hj\u00e6lpes af med at vande det og se det gro. Vi k\u00f8rer p\u00e5 scootere, rutsjer og laver sandkager. Vi tager p\u00e5 [&hellip;]<\/p>\n","protected":false},"author":1,"featured_media":0,"parent":0,"menu_order":0,"comment_status":"closed","ping_status":"closed","template":"","meta":{"footnotes":""},"class_list":["post-37","page","type-page","status-publish","hentry"],"_links":{"self":[{"href":"https:\/\/ifavnen.dk\/index.php?rest_route=\/wp\/v2\/pages\/37","targetHints":{"allow":["GET"]}}],"collection":[{"href":"https:\/\/ifavnen.dk\/index.php?rest_route=\/wp\/v2\/pages"}],"about":[{"href":"https:\/\/ifavnen.dk\/index.php?rest_route=\/wp\/v2\/types\/page"}],"author":[{"embeddable":true,"href":"https:\/\/ifavnen.dk\/index.php?rest_route=\/wp\/v2\/users\/1"}],"replies":[{"embeddable":true,"href":"https:\/\/ifavnen.dk\/index.php?rest_route=%2Fwp%2Fv2%2Fcomments&post=37"}],"version-history":[{"count":3,"href":"https:\/\/ifavnen.dk\/index.php?rest_route=\/wp\/v2\/pages\/37\/revisions"}],"predecessor-version":[{"id":87,"href":"https:\/\/ifavnen.dk\/index.php?rest_route=\/wp\/v2\/pages\/37\/revisions\/87"}],"wp:attachment":[{"href":"https:\/\/ifavnen.dk\/index.php?rest_route=%2Fwp%2Fv2%2Fmedia&parent=37"}],"curies":[{"name":"wp","href":"https:\/\/api.w.org\/{rel}","templated":true}]}}