{"id":41,"date":"2024-06-16T12:49:24","date_gmt":"2024-06-16T12:49:24","guid":{"rendered":"https:\/\/ifavnen.dk\/?page_id=41"},"modified":"2024-06-18T18:17:50","modified_gmt":"2024-06-18T18:17:50","slug":"praktisk-info","status":"publish","type":"page","link":"https:\/\/ifavnen.dk\/?page_id=41","title":{"rendered":"Praktisk info"},"content":{"rendered":"\n<p><strong>Incl. i prisen<\/strong><\/p>\n\n\n\n<p>Alle m\u00e5ltider; formiddagsmad, frokost og eftermiddagsmad. Specialkost skal medbringes.<\/p>\n\n\n\n<p>Lommet\u00f8rkl\u00e6der, skumklude, affaldsposer og solcreme er inkluderet i prisen. I sommerhalv\u00e5ret sm\u00f8rer I jeres barn ind i solcreme om morgenen og s\u00e5 sm\u00f8rer jeg et ekstra lag p\u00e5, inden vi g\u00e5r ud.<\/p>\n\n\n\n<p><strong>Barnet skal medbringe<\/strong><\/p>\n\n\n\n<p>Barnevogn med godkendt sele, myggenet, regnslag, bleer, voksipose\/dyne, samt skiftet\u00f8j og udet\u00f8j der passer til \u00e5rstiden. Barnet m\u00e5 hellere end gerne have en yndlingsbamse, klud eller lignende med.<\/p>\n\n\n\n<p><strong>Forsikring<\/strong><\/p>\n\n\n\n<p>I b\u00f8r tegne en fuldtidsansvars\/ulykkes-forsikring p\u00e5 jeres barn, da denne ogs\u00e5 d\u00e6kker uden for hjemmet, hvis barnet kommer til skade eller forvolder skade.<\/p>\n\n\n\n<p><strong>Vikar<\/strong><\/p>\n\n\n\n<p>Jeg har tre vikarer tilknyttet, der kan tr\u00e6de til, hvis jeg skal til l\u00e6ge, tandl\u00e6ge eller lignende. Vikarene er alle godkendt af Aalborg kommune. I vil altid blive orienteret, hvis der kommer vikar.<\/p>\n\n\n\n<p>Der tilbydes ikke g\u00e6stedagpleje ved min ferie\/sygdom, ligesom der ikke kommer g\u00e6steb\u00f8rn i Ifavnen.<\/p>\n\n\n\n<figure class=\"wp-block-image size-large is-resized\"><img loading=\"lazy\" decoding=\"async\" width=\"768\" height=\"1024\" src=\"http:\/\/ifavnen.dk\/wp-content\/uploads\/2024\/06\/IMG_0577-1-768x1024.jpg\" alt=\"\" class=\"wp-image-76\" style=\"width:284px;height:auto\" srcset=\"https:\/\/ifavnen.dk\/wp-content\/uploads\/2024\/06\/IMG_0577-1-768x1024.jpg 768w, https:\/\/ifavnen.dk\/wp-content\/uploads\/2024\/06\/IMG_0577-1-225x300.jpg 225w, https:\/\/ifavnen.dk\/wp-content\/uploads\/2024\/06\/IMG_0577-1-1152x1536.jpg 1152w, https:\/\/ifavnen.dk\/wp-content\/uploads\/2024\/06\/IMG_0577-1-1536x2048.jpg 1536w, https:\/\/ifavnen.dk\/wp-content\/uploads\/2024\/06\/IMG_0577-1-scaled.jpg 1920w\" sizes=\"auto, (max-width: 768px) 100vw, 768px\" \/><\/figure>\n","protected":false},"excerpt":{"rendered":"<p>Incl. i prisen Alle m\u00e5ltider; formiddagsmad, frokost og eftermiddagsmad. Specialkost skal medbringes. Lommet\u00f8rkl\u00e6der, skumklude, affaldsposer og solcreme er inkluderet i prisen. I sommerhalv\u00e5ret sm\u00f8rer I jeres barn ind i solcreme om morgenen og s\u00e5 sm\u00f8rer jeg et ekstra lag p\u00e5, inden vi g\u00e5r ud. Barnet skal medbringe Barnevogn med godkendt sele, myggenet, regnslag, bleer, voksipose\/dyne, [&hellip;]<\/p>\n","protected":false},"author":1,"featured_media":0,"parent":0,"menu_order":0,"comment_status":"closed","ping_status":"closed","template":"","meta":{"footnotes":""},"class_list":["post-41","page","type-page","status-publish","hentry"],"_links":{"self":[{"href":"https:\/\/ifavnen.dk\/index.php?rest_route=\/wp\/v2\/pages\/41","targetHints":{"allow":["GET"]}}],"collection":[{"href":"https:\/\/ifavnen.dk\/index.php?rest_route=\/wp\/v2\/pages"}],"about":[{"href":"https:\/\/ifavnen.dk\/index.php?rest_route=\/wp\/v2\/types\/page"}],"author":[{"embeddable":true,"href":"https:\/\/ifavnen.dk\/index.php?rest_route=\/wp\/v2\/users\/1"}],"replies":[{"embeddable":true,"href":"https:\/\/ifavnen.dk\/index.php?rest_route=%2Fwp%2Fv2%2Fcomments&post=41"}],"version-history":[{"count":2,"href":"https:\/\/ifavnen.dk\/index.php?rest_route=\/wp\/v2\/pages\/41\/revisions"}],"predecessor-version":[{"id":90,"href":"https:\/\/ifavnen.dk\/index.php?rest_route=\/wp\/v2\/pages\/41\/revisions\/90"}],"wp:attachment":[{"href":"https:\/\/ifavnen.dk\/index.php?rest_route=%2Fwp%2Fv2%2Fmedia&parent=41"}],"curies":[{"name":"wp","href":"https:\/\/api.w.org\/{rel}","templated":true}]}}