{"id":45,"date":"2024-06-16T12:50:49","date_gmt":"2024-06-16T12:50:49","guid":{"rendered":"https:\/\/ifavnen.dk\/?page_id=45"},"modified":"2026-03-14T12:02:49","modified_gmt":"2026-03-14T12:02:49","slug":"ledige-pladser","status":"publish","type":"page","link":"https:\/\/ifavnen.dk\/?page_id=45","title":{"rendered":"Ledige pladser"},"content":{"rendered":"\n<p>April 2027<\/p>\n\n\n\n<p>Oktober 2027<\/p>\n\n\n\n<p>Har I behov for plads p\u00e5 et andet tidspunkt, s\u00e5 kontakt mig endelig &#8211; m\u00e5ske kan vi finde en l\u00f8sning.<\/p>\n\n\n\n<figure class=\"wp-block-image size-large is-resized\"><img loading=\"lazy\" decoding=\"async\" width=\"768\" height=\"1024\" src=\"http:\/\/ifavnen.dk\/wp-content\/uploads\/2024\/06\/IMG_0473-768x1024.jpg\" alt=\"\" class=\"wp-image-73\" style=\"width:265px;height:auto\" srcset=\"https:\/\/ifavnen.dk\/wp-content\/uploads\/2024\/06\/IMG_0473-768x1024.jpg 768w, https:\/\/ifavnen.dk\/wp-content\/uploads\/2024\/06\/IMG_0473-225x300.jpg 225w, https:\/\/ifavnen.dk\/wp-content\/uploads\/2024\/06\/IMG_0473-1152x1536.jpg 1152w, https:\/\/ifavnen.dk\/wp-content\/uploads\/2024\/06\/IMG_0473-1536x2048.jpg 1536w, https:\/\/ifavnen.dk\/wp-content\/uploads\/2024\/06\/IMG_0473-scaled.jpg 1920w\" sizes=\"auto, (max-width: 768px) 100vw, 768px\" \/><\/figure>\n","protected":false},"excerpt":{"rendered":"<p>April 2027 Oktober 2027 Har I behov for plads p\u00e5 et andet tidspunkt, s\u00e5 kontakt mig endelig &#8211; m\u00e5ske kan vi finde en l\u00f8sning.<\/p>\n","protected":false},"author":1,"featured_media":0,"parent":0,"menu_order":0,"comment_status":"closed","ping_status":"closed","template":"","meta":{"footnotes":""},"class_list":["post-45","page","type-page","status-publish","hentry"],"_links":{"self":[{"href":"https:\/\/ifavnen.dk\/index.php?rest_route=\/wp\/v2\/pages\/45","targetHints":{"allow":["GET"]}}],"collection":[{"href":"https:\/\/ifavnen.dk\/index.php?rest_route=\/wp\/v2\/pages"}],"about":[{"href":"https:\/\/ifavnen.dk\/index.php?rest_route=\/wp\/v2\/types\/page"}],"author":[{"embeddable":true,"href":"https:\/\/ifavnen.dk\/index.php?rest_route=\/wp\/v2\/users\/1"}],"replies":[{"embeddable":true,"href":"https:\/\/ifavnen.dk\/index.php?rest_route=%2Fwp%2Fv2%2Fcomments&post=45"}],"version-history":[{"count":12,"href":"https:\/\/ifavnen.dk\/index.php?rest_route=\/wp\/v2\/pages\/45\/revisions"}],"predecessor-version":[{"id":135,"href":"https:\/\/ifavnen.dk\/index.php?rest_route=\/wp\/v2\/pages\/45\/revisions\/135"}],"wp:attachment":[{"href":"https:\/\/ifavnen.dk\/index.php?rest_route=%2Fwp%2Fv2%2Fmedia&parent=45"}],"curies":[{"name":"wp","href":"https:\/\/api.w.org\/{rel}","templated":true}]}}